{"id":2159,"date":"2025-03-15T16:03:12","date_gmt":"2025-03-15T15:03:12","guid":{"rendered":"https:\/\/closvieuxbourg.fr\/the-estate\/"},"modified":"2025-05-23T09:41:16","modified_gmt":"2025-05-23T07:41:16","slug":"the-estate","status":"publish","type":"page","link":"https:\/\/closvieuxbourg.fr\/en\/the-estate\/","title":{"rendered":"The Estate"},"content":{"rendered":"<p>[et_pb_section fb_built=&#8221;1&#8243; _builder_version=&#8221;4.27.4&#8243; _module_preset=&#8221;default&#8221; background_image=&#8221;https:\/\/closvieuxbourg.fr\/wp-content\/uploads\/2025\/04\/header-domaine.png&#8221; background_position=&#8221;top_center&#8221; background_vertical_offset=&#8221;41%&#8221; global_colors_info=&#8221;{}&#8221;][et_pb_row _builder_version=&#8221;4.27.4&#8243; _module_preset=&#8221;default&#8221; global_colors_info=&#8221;{}&#8221;][et_pb_column type=&#8221;4_4&#8243; _builder_version=&#8221;4.27.4&#8243; _module_preset=&#8221;default&#8221; global_colors_info=&#8221;{}&#8221;][et_pb_text _builder_version=&#8221;4.27.4&#8243; _module_preset=&#8221;default&#8221; header_text_align=&#8221;center&#8221; header_text_color=&#8221;#FFFFFF&#8221; header_letter_spacing=&#8221;16px&#8221; global_colors_info=&#8221;{}&#8221;]<\/p>\n<h1>The Estate<\/h1>\n<p>[\/et_pb_text][\/et_pb_column][\/et_pb_row][\/et_pb_section][et_pb_section fb_built=&#8221;1&#8243; _builder_version=&#8221;4.27.4&#8243; _module_preset=&#8221;default&#8221; background_color=&#8221;#828282&#8243; background_image=&#8221;https:\/\/closvieuxbourg.fr\/wp-content\/uploads\/2025\/03\/fond-py-1.png&#8221; background_position=&#8221;bottom_center&#8221; background_vertical_offset=&#8221;57%&#8221; background_blend=&#8221;multiply&#8221; global_colors_info=&#8221;{}&#8221;][et_pb_row column_structure=&#8221;1_2,1_2&#8243; use_custom_gutter=&#8221;on&#8221; gutter_width=&#8221;4&#8243; _builder_version=&#8221;4.27.4&#8243; _module_preset=&#8221;default&#8221; custom_margin=&#8221;-3px|auto|328px|auto||&#8221; custom_padding=&#8221;||14px|||&#8221; global_colors_info=&#8221;{}&#8221;][et_pb_column type=&#8221;1_2&#8243; _builder_version=&#8221;4.27.4&#8243; _module_preset=&#8221;default&#8221; global_colors_info=&#8221;{}&#8221;][et_pb_text _builder_version=&#8221;4.27.4&#8243; _module_preset=&#8221;default&#8221; header_text_color=&#8221;#FFFFFF&#8221; header_2_text_color=&#8221;#FFFFFF&#8221; header_2_font_size=&#8221;58px&#8221; header_3_text_color=&#8221;#FFFFFF&#8221; header_3_font_size=&#8221;33px&#8221; custom_margin=&#8221;||21px|||&#8221; global_colors_info=&#8221;{}&#8221;]<\/p>\n<h2>Piron family<\/h2>\n<h3>Family estate &#8211; For nearly 500 years<\/h3>\n<p>[\/et_pb_text][et_pb_text _builder_version=&#8221;4.27.4&#8243; _module_preset=&#8221;default&#8221; text_text_color=&#8221;#FFFFFF&#8221; custom_margin=&#8221;||30px|||&#8221; global_colors_info=&#8221;{}&#8221;]<\/p>\n<p>The story begun by Dominique Piron&#8217;s ancestors in the 16th century continues with the Domaine du Vieux Bourg, created in 2021. Dominique and his team cultivate the family&#8217;s 30 hectares of vines in the Morgon, Ch\u00e9nas, R\u00e9gni\u00e9, Beaujolais-Villages and Beaujolais Blanc appellations. <\/p>\n<p>[\/et_pb_text][et_pb_text _builder_version=&#8221;4.27.4&#8243; _module_preset=&#8221;default&#8221; quote_text_color=&#8221;#FFFFFF&#8221; quote_font_size=&#8221;34px&#8221; global_colors_info=&#8221;{}&#8221;]<\/p>\n<blockquote>\n<p>&#8220;He chose Morgon because it wasn&#8217;t so far away.<\/p>\n<\/blockquote>\n<p>[\/et_pb_text][\/et_pb_column][et_pb_column type=&#8221;1_2&#8243; _builder_version=&#8221;4.27.4&#8243; _module_preset=&#8221;default&#8221; global_colors_info=&#8221;{}&#8221;][et_pb_text _builder_version=&#8221;4.27.4&#8243; _module_preset=&#8221;default&#8221; text_text_color=&#8221;#FFFFFF&#8221; header_text_color=&#8221;#FFFFFF&#8221; global_colors_info=&#8221;{}&#8221;]<\/p>\n<p><span style=\"font-size: x-large;\">For the record&#8230;  <\/span><\/p>\n<p>Some of the vines have been in the family for 5 centuries: the &#8220;Terrains Rouges&#8221;, &#8220;Roche Noire&#8221; and &#8220;Montpelain&#8221; lieux-dits in the Morgon cru. One of our ancestors, Benoit Bailly, was one of the first to use the new Briare canal, from the Loire to the Seine, opened in 1642, to deliver his wine to Paris. In 1932, Dominique&#8217;s great-grandfather, Benoit Piron, bought the vineyard at &#8220;Aux Pierres&#8221; on the south-eastern slope of the C\u00f4te du Py. Benoit had the choice of enlarging his vineyard between a 4 ha 60 property in Morgon for 90,000 francs at the time, and a 6 ha 50 property in Moret-Saint-Denis in Burgundy, called Le Clos de Tart, for 110,000 francs. This famous property was bought the same year by a wine merchant from M\u00e2con.    <\/p>\n<p>[\/et_pb_text][\/et_pb_column][\/et_pb_row][\/et_pb_section][et_pb_section fb_built=&#8221;1&#8243; _builder_version=&#8221;4.27.4&#8243; _module_preset=&#8221;default&#8221; background_color=&#8221;RGBA(255,255,255,0)&#8221; z_index=&#8221;406&#8243; custom_margin=&#8221;-372px||122px||false|false&#8221; custom_margin_tablet=&#8221;-372px||122px||false|false&#8221; custom_margin_phone=&#8221;-369px||106px||false|false&#8221; custom_margin_last_edited=&#8221;on|phone&#8221; custom_padding=&#8221;0px||0px||false|false&#8221; global_colors_info=&#8221;{}&#8221;][et_pb_row _builder_version=&#8221;4.27.4&#8243; _module_preset=&#8221;default&#8221; global_colors_info=&#8221;{}&#8221;][et_pb_column type=&#8221;4_4&#8243; _builder_version=&#8221;4.27.4&#8243; _module_preset=&#8221;default&#8221; global_colors_info=&#8221;{}&#8221;][et_pb_image src=&#8221;https:\/\/closvieuxbourg.fr\/wp-content\/uploads\/2025\/02\/SLIDER-automne-1.jpg&#8221; title_text=&#8221;Clos Vieux Bourg&#8221; _builder_version=&#8221;4.27.4&#8243; _module_preset=&#8221;default&#8221; custom_margin=&#8221;||-143px||false|false&#8221; hover_enabled=&#8221;0&#8243; global_colors_info=&#8221;{}&#8221; alt=&#8221;Clos Vieux Bourg&#8221; sticky_enabled=&#8221;0&#8243;][\/et_pb_image][\/et_pb_column][\/et_pb_row][\/et_pb_section][et_pb_section fb_built=&#8221;1&#8243; _builder_version=&#8221;4.27.4&#8243; _module_preset=&#8221;default&#8221; z_index=&#8221;255&#8243; overflow-x=&#8221;hidden&#8221; custom_margin_tablet=&#8221;&#8221; custom_margin_phone=&#8221;-8px||||false|false&#8221; custom_margin_last_edited=&#8221;on|phone&#8221; custom_padding=&#8221;36px||31px|||&#8221; global_colors_info=&#8221;{}&#8221;][et_pb_row admin_label=&#8221;MORGON&#8221; _builder_version=&#8221;4.27.4&#8243; _module_preset=&#8221;default&#8221; z_index=&#8221;187&#8243; custom_margin=&#8221;|auto|-7px|auto|false|false&#8221; custom_margin_tablet=&#8221;|auto|-208px|auto|false|false&#8221; custom_margin_phone=&#8221;-32px|auto|-208px|auto|false|false&#8221; custom_margin_last_edited=&#8221;on|desktop&#8221; custom_padding=&#8221;||5px|||&#8221; global_colors_info=&#8221;{}&#8221;][et_pb_column type=&#8221;4_4&#8243; _builder_version=&#8221;4.27.4&#8243; _module_preset=&#8221;default&#8221; global_colors_info=&#8221;{}&#8221;][et_pb_text _builder_version=&#8221;4.27.4&#8243; _module_preset=&#8221;default&#8221; text_font=&#8221;Trump|||on|||||&#8221; text_text_color=&#8221;#2c3131&#8243; text_font_size=&#8221;49px&#8221; text_letter_spacing=&#8221;5px&#8221; header_font_size=&#8221;67px&#8221; header_letter_spacing=&#8221;10px&#8221; header_2_text_color=&#8221;#2c3131&#8243; header_2_font_size=&#8221;67px&#8221; header_2_letter_spacing=&#8221;10px&#8221; module_alignment=&#8221;right&#8221; global_colors_info=&#8221;{}&#8221;]<\/p>\n<p>A historic site<\/p>\n<h2>Le Vieux Bourg<\/h2>\n<p>[\/et_pb_text][\/et_pb_column][\/et_pb_row][et_pb_row column_structure=&#8221;1_2,1_2&#8243; _builder_version=&#8221;4.27.4&#8243; _module_preset=&#8221;default&#8221; global_colors_info=&#8221;{}&#8221;][et_pb_column type=&#8221;1_2&#8243; _builder_version=&#8221;4.27.4&#8243; _module_preset=&#8221;default&#8221; global_colors_info=&#8221;{}&#8221;][et_pb_text _builder_version=&#8221;4.27.4&#8243; _module_preset=&#8221;default&#8221; global_colors_info=&#8221;{}&#8221;]<\/p>\n<p>The Domaine du Vieux Bourg, just a stone&#8217;s throw from Morgon, is becoming a must-see in the Beaujolais region. This historic property comprises two buildings, the former Saint-Pierre de Corcelles church and its presbytery. In this church, Dominique Piron has installed his winery for the 2021 harvest. An atypical, yet simple winery where modern meets old stone, a winery with soul and energy.   <\/p>\n<p>[\/et_pb_text][\/et_pb_column][et_pb_column type=&#8221;1_2&#8243; _builder_version=&#8221;4.27.4&#8243; _module_preset=&#8221;default&#8221; global_colors_info=&#8221;{}&#8221;][et_pb_text _builder_version=&#8221;4.27.4&#8243; _module_preset=&#8221;default&#8221; global_colors_info=&#8221;{}&#8221;]<\/p>\n<p>Beyond this Beaujolais heritage, Vieux Bourg has always been a frontier. When Charlemagne&#8217;s Empire was divided in 843, it was part of the Frankish kingdom, while the Burgundian kingdom was 100 meters to the north. Much later, it was on the boundary of influence between the monks of Cluny to the north and the lords of Beaujeu to the south&#8230; and still today, at the meeting point of the Auvergne-Rhone-Alpes and Burgundy regions.  <\/p>\n<p>[\/et_pb_text][\/et_pb_column][\/et_pb_row][\/et_pb_section][et_pb_section fb_built=&#8221;1&#8243; _builder_version=&#8221;4.27.4&#8243; _module_preset=&#8221;default&#8221; custom_margin_tablet=&#8221;&#8221; custom_margin_phone=&#8221;-36px||||false|false&#8221; custom_margin_last_edited=&#8221;on|phone&#8221; custom_padding=&#8221;0px||0px||false|false&#8221; global_colors_info=&#8221;{}&#8221;][et_pb_row _builder_version=&#8221;4.27.4&#8243; _module_preset=&#8221;default&#8221; max_width=&#8221;90%&#8221; global_colors_info=&#8221;{}&#8221;][et_pb_column type=&#8221;4_4&#8243; _builder_version=&#8221;4.27.4&#8243; _module_preset=&#8221;default&#8221; global_colors_info=&#8221;{}&#8221;][revslider_divi revslider_divi=&#8221;%91rev_slider alias=%22slider-3%22 slidertitle=%22Slider 3%22%93%91\/rev_slider%93&#8243; _builder_version=&#8221;4.27.4&#8243; _module_preset=&#8221;default&#8221; global_colors_info=&#8221;{}&#8221;][\/revslider_divi][\/et_pb_column][\/et_pb_row][\/et_pb_section][et_pb_section fb_built=&#8221;1&#8243; _builder_version=&#8221;4.27.4&#8243; _module_preset=&#8221;default&#8221; custom_margin_tablet=&#8221;&#8221; custom_margin_phone=&#8221;&#8221; custom_margin_last_edited=&#8221;on|phone&#8221; global_colors_info=&#8221;{}&#8221;][et_pb_row column_structure=&#8221;2_5,3_5&#8243; _builder_version=&#8221;4.27.4&#8243; _module_preset=&#8221;default&#8221; custom_margin_tablet=&#8221;&#8221; custom_margin_phone=&#8221;-92px||||false|false&#8221; custom_margin_last_edited=&#8221;on|phone&#8221; global_colors_info=&#8221;{}&#8221;][et_pb_column type=&#8221;2_5&#8243; _builder_version=&#8221;4.27.4&#8243; _module_preset=&#8221;default&#8221; global_colors_info=&#8221;{}&#8221;][et_pb_text _builder_version=&#8221;4.27.4&#8243; _module_preset=&#8221;default&#8221; text_font=&#8221;Trump|||on|||||&#8221; text_text_color=&#8221;#2c3131&#8243; text_font_size=&#8221;23px&#8221; text_letter_spacing=&#8221;1px&#8221; min_height=&#8221;40.9px&#8221; global_colors_info=&#8221;{}&#8221;]<\/p>\n<p>A beautiful wedding<\/p>\n<p>[\/et_pb_text][et_pb_text _builder_version=&#8221;4.27.4&#8243; _module_preset=&#8221;default&#8221; header_2_font_size=&#8221;58px&#8221; custom_margin=&#8221;-31px|||||&#8221; global_colors_info=&#8221;{}&#8221;]<\/p>\n<h2>Gamay and Granite<\/h2>\n<p>The Gamay Noir grape needs poor soil, especially granite, to express itself fully. A difficult grape variety, capricious and delicate, it produces modern, fruity wines with suppleness and roundness, wines that accompany most of the world&#8217;s cuisines and life&#8217;s moments. Depending on the terroir in which it is grown, Gamay has a formidable capacity to play on the register of fruit and elegance as well as that of substance and roundness, with great ageing potential. Genetically, Gamay is the son of Pinot Noir.   <\/p>\n<p>[\/et_pb_text][et_pb_image src=&#8221;https:\/\/closvieuxbourg.fr\/wp-content\/uploads\/2025\/03\/img-gamay.jpg&#8221; title_text=&#8221;img-gamay&#8221; _builder_version=&#8221;4.27.4&#8243; _module_preset=&#8221;default&#8221; scroll_vertical_motion_enable=&#8221;on&#8221; scroll_vertical_motion=&#8221;0|50|50|100|-0.5|0|0.5&#8243; global_colors_info=&#8221;{}&#8221;][\/et_pb_image][\/et_pb_column][et_pb_column type=&#8221;3_5&#8243; _builder_version=&#8221;4.27.4&#8243; _module_preset=&#8221;default&#8221; custom_padding=&#8221;|54px||54px|false|true&#8221; custom_padding_tablet=&#8221;|54px||54px|false|true&#8221; custom_padding_phone=&#8221;|0px||0px|false|true&#8221; custom_padding_last_edited=&#8221;on|phone&#8221; global_colors_info=&#8221;{}&#8221;][et_pb_image src=&#8221;https:\/\/closvieuxbourg.fr\/wp-content\/uploads\/2025\/03\/img-chardonnay.jpg&#8221; title_text=&#8221;img-chardonnay&#8221; _builder_version=&#8221;4.27.4&#8243; _module_preset=&#8221;default&#8221; scroll_vertical_motion_enable=&#8221;on&#8221; scroll_vertical_motion=&#8221;0|50|50|100|0.5|0|-0.5&#8243; global_colors_info=&#8221;{}&#8221;][\/et_pb_image][et_pb_text _builder_version=&#8221;4.27.4&#8243; _module_preset=&#8221;default&#8221; text_font=&#8221;||on||||||&#8221; text_text_color=&#8221;#FFFFFF&#8221; text_font_size=&#8221;31px&#8221; text_line_height=&#8221;1em&#8221; header_font=&#8221;&#8211;et_global_body_font||on||||||&#8221; header_text_color=&#8221;#FFFFFF&#8221; background_color=&#8221;#2c3131&#8243; z_index=&#8221;500&#8243; width=&#8221;95%&#8221; custom_margin=&#8221;-99px|||-50px|false|false&#8221; custom_margin_tablet=&#8221;-99px|||-50px|false|false&#8221; custom_margin_phone=&#8221;-99px|46px||-50px|false|false&#8221; custom_margin_last_edited=&#8221;on|phone&#8221; custom_padding=&#8221;33px|48px|37px|48px|false|true&#8221; text_font_size_tablet=&#8221;31px&#8221; text_font_size_phone=&#8221;23px&#8221; text_font_size_last_edited=&#8221;on|desktop&#8221; global_colors_info=&#8221;{}&#8221;]<\/p>\n<p>&#8220;Gamay and Chardonnay, everyday wines!&#8221;<\/p>\n<p>[\/et_pb_text][et_pb_text _builder_version=&#8221;4.27.4&#8243; _module_preset=&#8221;default&#8221; header_2_font_size=&#8221;58px&#8221; global_colors_info=&#8221;{}&#8221;]<\/p>\n<h2>Chardonnay and Clay<\/h2>\n<p>A little-known Beaujolais gem. Chardonnay produces excellent white wines in Beaujolais on the limestone southern part of the region, and on the clay islets in the north around the Crus zone. This is the case with our Clos du Vieux Bourg in Corcelles-en-Beaujolais. These are wines for moments of sharing and friendship.   <\/p>\n<p>[\/et_pb_text][\/et_pb_column][\/et_pb_row][\/et_pb_section][et_pb_section fb_built=&#8221;1&#8243; _builder_version=&#8221;4.27.4&#8243; _module_preset=&#8221;default&#8221; background_color=&#8221;#373d3d&#8221; background_image=&#8221;https:\/\/closvieuxbourg.fr\/wp-content\/uploads\/2025\/03\/fond-environnement.png&#8221; background_position=&#8221;bottom_center&#8221; background_vertical_offset=&#8221;100%&#8221; z_index=&#8221;255&#8243; custom_margin=&#8221;||-3px||false|false&#8221; custom_margin_tablet=&#8221;&#8221; custom_margin_phone=&#8221;-8px||||false|false&#8221; custom_margin_last_edited=&#8221;on|phone&#8221; custom_padding=&#8221;83px||98px||false|false&#8221; global_colors_info=&#8221;{}&#8221;][et_pb_row column_structure=&#8221;1_2,1_2&#8243; use_custom_gutter=&#8221;on&#8221; gutter_width=&#8221;2&#8243; make_equal=&#8221;on&#8221; admin_label=&#8221;REGNIE&#8221; _builder_version=&#8221;4.27.4&#8243; _module_preset=&#8221;default&#8221; z_index=&#8221;187&#8243; custom_margin=&#8221;-8px|auto|-77px|auto|false|false&#8221; custom_margin_tablet=&#8221;|auto|-208px|auto|false|false&#8221; custom_margin_phone=&#8221;-32px|auto|-208px|auto|false|false&#8221; custom_margin_last_edited=&#8221;on|desktop&#8221; global_colors_info=&#8221;{}&#8221;][et_pb_column type=&#8221;1_2&#8243; _builder_version=&#8221;4.27.4&#8243; _module_preset=&#8221;default&#8221; global_colors_info=&#8221;{}&#8221;][et_pb_text _builder_version=&#8221;4.27.4&#8243; _module_preset=&#8221;default&#8221; text_text_color=&#8221;#FFFFFF&#8221; header_2_text_color=&#8221;#FFFFFF&#8221; header_2_font_size=&#8221;49px&#8221; header_2_letter_spacing=&#8221;5px&#8221; max_width_tablet=&#8221;300px&#8221; max_width_phone=&#8221;100%&#8221; max_width_last_edited=&#8221;on|phone&#8221; module_alignment=&#8221;right&#8221; custom_margin=&#8221;0px||||false|false&#8221; custom_margin_tablet=&#8221;-57px||||false|false&#8221; custom_margin_phone=&#8221;0px||||false|false&#8221; custom_margin_last_edited=&#8221;on|phone&#8221; custom_padding=&#8221;0px|||||&#8221; global_colors_info=&#8221;{}&#8221;]<\/p>\n<h2>Respect for the environment<\/h2>\n<p>Since 2020, our vineyards have been certified HVE &#8211; High Environmental Value. It&#8217;s a good first step towards ensuring that everyone in the company understands the environmental issues at stake: respect for water, soil, bees, ladybugs, neighbors&#8230; <\/p>\n<p>[\/et_pb_text][et_pb_image src=&#8221;https:\/\/closvieuxbourg.fr\/wp-content\/uploads\/2025\/03\/hve.png&#8221; title_text=&#8221;hve&#8221; _builder_version=&#8221;4.27.4&#8243; _module_preset=&#8221;default&#8221; custom_margin=&#8221;189px||||false|false&#8221; custom_margin_tablet=&#8221;189px||||false|false&#8221; custom_margin_phone=&#8221;22px||||false|false&#8221; custom_margin_last_edited=&#8221;on|phone&#8221; global_colors_info=&#8221;{}&#8221;][\/et_pb_image][\/et_pb_column][et_pb_column type=&#8221;1_2&#8243; _builder_version=&#8221;4.27.4&#8243; _module_preset=&#8221;default&#8221; global_colors_info=&#8221;{}&#8221;][et_pb_image src=&#8221;https:\/\/closvieuxbourg.fr\/wp-content\/uploads\/2025\/03\/img-env-raisin.png&#8221; title_text=&#8221;img-env-raisin&#8221; _builder_version=&#8221;4.27.4&#8243; _module_preset=&#8221;default&#8221; max_width=&#8221;360px&#8221; module_alignment=&#8221;right&#8221; custom_margin_tablet=&#8221;&#8221; custom_margin_phone=&#8221;||127px||false|false&#8221; custom_margin_last_edited=&#8221;on|phone&#8221; border_width_all=&#8221;4px&#8221; border_color_all=&#8221;#FFFFFF&#8221; global_colors_info=&#8221;{}&#8221;][\/et_pb_image][\/et_pb_column][\/et_pb_row][\/et_pb_section]<\/p>\n","protected":false},"excerpt":{"rendered":"<p>The EstatePiron family Family estate &#8211; For nearly 500 yearsThe story begun by Dominique Piron&#8217;s ancestors in the 16th century continues with the Domaine du Vieux Bourg, created in 2021. Dominique and his team cultivate the family&#8217;s 30 hectares of vines in the Morgon, Ch\u00e9nas, R\u00e9gni\u00e9, Beaujolais-Villages and Beaujolais Blanc appellations. &#8220;He chose Morgon because it wasn&#8217;t so far away. For the record&#8230; Some of the vines have been in the family for 5 centuries: the &#8220;Terrains Rouges&#8221;, &#8220;Roche Noire&#8221; and &#8220;Montpelain&#8221; lieux-dits in the Morgon cru. One of our ancestors, Benoit Bailly, was one of the first to use the new Briare canal, from the Loire to the Seine, opened in 1642, to deliver his wine to Paris. In 1932, Dominique&#8217;s great-grandfather, Benoit Piron, bought the vineyard at &#8220;Aux Pierres&#8221; on the south-eastern slope of the C\u00f4te du Py. Benoit had the choice of enlarging his vineyard between a 4 ha 60 property in Morgon for 90,000 francs at the time, and a 6 ha 50 property in Moret-Saint-Denis in Burgundy, called Le Clos de Tart, for 110,000 francs. This famous property was bought the same year by a wine merchant from M\u00e2con. A historic site Le Vieux BourgThe [&hellip;]<\/p>\n","protected":false},"author":1,"featured_media":0,"parent":0,"menu_order":0,"comment_status":"closed","ping_status":"closed","template":"","meta":{"_et_pb_use_builder":"on","_et_pb_old_content":"","_et_gb_content_width":"","footnotes":""},"class_list":["post-2159","page","type-page","status-publish","hentry"],"_links":{"self":[{"href":"https:\/\/closvieuxbourg.fr\/en\/wp-json\/wp\/v2\/pages\/2159","targetHints":{"allow":["GET"]}}],"collection":[{"href":"https:\/\/closvieuxbourg.fr\/en\/wp-json\/wp\/v2\/pages"}],"about":[{"href":"https:\/\/closvieuxbourg.fr\/en\/wp-json\/wp\/v2\/types\/page"}],"author":[{"embeddable":true,"href":"https:\/\/closvieuxbourg.fr\/en\/wp-json\/wp\/v2\/users\/1"}],"replies":[{"embeddable":true,"href":"https:\/\/closvieuxbourg.fr\/en\/wp-json\/wp\/v2\/comments?post=2159"}],"version-history":[{"count":19,"href":"https:\/\/closvieuxbourg.fr\/en\/wp-json\/wp\/v2\/pages\/2159\/revisions"}],"predecessor-version":[{"id":2470,"href":"https:\/\/closvieuxbourg.fr\/en\/wp-json\/wp\/v2\/pages\/2159\/revisions\/2470"}],"wp:attachment":[{"href":"https:\/\/closvieuxbourg.fr\/en\/wp-json\/wp\/v2\/media?parent=2159"}],"curies":[{"name":"wp","href":"https:\/\/api.w.org\/{rel}","templated":true}]}}