{"id":2058,"date":"2025-02-19T18:04:20","date_gmt":"2025-02-19T17:04:20","guid":{"rendered":"https:\/\/closvieuxbourg.fr\/produit\/chenas-au-bois-retour\/"},"modified":"2025-04-28T10:56:23","modified_gmt":"2025-04-28T08:56:23","slug":"chenas-au-bois-retour","status":"publish","type":"product","link":"https:\/\/closvieuxbourg.fr\/en\/produit\/chenas-au-bois-retour\/","title":{"rendered":"Ch\u00e9nas &#8211; Au bois retour"},"content":{"rendered":"<h2>Terroir<\/h2>\n<p>&#8220;Au Bois Retour&#8221; in the Ch\u00e9nas appellation is grown on granite and quartz soils.<\/p>\n<h2>Tasting<\/h2>\n<p>This Ch\u00e9nas wine is elegant and generous. With its silky, almost saline character, Ch\u00e9nas is a perfect reflection of that fifth Asian flavor, umami.<br \/>\nto be consumed between 2 and 10 years.<\/p>\n<h2>Food and wine pairing<\/h2>\n<p>Ch\u00e9nas is the perfect accompaniment to festive meals: rack of pork, roast poultry, veal blanquette, ragout &#8230;<\/p>\n<h2>Protected Designation of Origin in France &#8211; PDO<\/h2>\n<p>Ch\u00e9nas &#8211; Cru du Beaujolais<\/p>\n<p><a class=\"button-FT\" href=\"https:\/\/closvieuxbourg.fr\/wp-content\/uploads\/2025\/02\/FT-CHENAS_FR.pdf\" target=\"_blank\" rel=\"noopener\">Technical data<\/a><\/p>\n","protected":false},"excerpt":{"rendered":"<p>Terroir &#8220;Au Bois Retour&#8221; in the Ch\u00e9nas appellation is grown on granite and quartz soils. Tasting This Ch\u00e9nas wine is elegant and generous. With its silky, almost saline character, Ch\u00e9nas is a perfect reflection of that fifth Asian flavor, umami. to be consumed between 2 and 10 years. Food and wine pairing Ch\u00e9nas is the [&hellip;]<\/p>\n","protected":false},"featured_media":1895,"comment_status":"open","ping_status":"closed","template":"","meta":{"_et_pb_use_builder":"off","_et_pb_old_content":"DEscription","_et_gb_content_width":""},"product_brand":[],"product_cat":[39],"product_tag":[],"class_list":{"0":"post-2058","1":"product","2":"type-product","3":"status-publish","4":"has-post-thumbnail","6":"product_cat-uncategorized","8":"first","9":"instock","10":"taxable","11":"shipping-taxable","12":"purchasable","13":"product-type-variable"},"_links":{"self":[{"href":"https:\/\/closvieuxbourg.fr\/en\/wp-json\/wp\/v2\/product\/2058","targetHints":{"allow":["GET"]}}],"collection":[{"href":"https:\/\/closvieuxbourg.fr\/en\/wp-json\/wp\/v2\/product"}],"about":[{"href":"https:\/\/closvieuxbourg.fr\/en\/wp-json\/wp\/v2\/types\/product"}],"replies":[{"embeddable":true,"href":"https:\/\/closvieuxbourg.fr\/en\/wp-json\/wp\/v2\/comments?post=2058"}],"wp:featuredmedia":[{"embeddable":true,"href":"https:\/\/closvieuxbourg.fr\/en\/wp-json\/wp\/v2\/media\/1895"}],"wp:attachment":[{"href":"https:\/\/closvieuxbourg.fr\/en\/wp-json\/wp\/v2\/media?parent=2058"}],"wp:term":[{"taxonomy":"product_brand","embeddable":true,"href":"https:\/\/closvieuxbourg.fr\/en\/wp-json\/wp\/v2\/product_brand?post=2058"},{"taxonomy":"product_cat","embeddable":true,"href":"https:\/\/closvieuxbourg.fr\/en\/wp-json\/wp\/v2\/product_cat?post=2058"},{"taxonomy":"product_tag","embeddable":true,"href":"https:\/\/closvieuxbourg.fr\/en\/wp-json\/wp\/v2\/product_tag?post=2058"}],"curies":[{"name":"wp","href":"https:\/\/api.w.org\/{rel}","templated":true}]}}